{"id":1774,"date":"2024-11-11T09:34:20","date_gmt":"2024-11-11T08:34:20","guid":{"rendered":"https:\/\/www.zefafilling.eu\/?page_id=1774"},"modified":"2026-04-16T11:19:13","modified_gmt":"2026-04-16T09:19:13","slug":"privacy-policy","status":"publish","type":"page","link":"https:\/\/www.zefafilling.eu\/en\/privacy-policy\/","title":{"rendered":"Privacy Policy"},"content":{"rendered":"<p><section class=\"kc-elm kc-css-842000 kc_row\"><div class=\"kc-row-container  kc-container\"><div class=\"kc-wrap-columns\"><div class=\"kc-elm kc-css-75225 kc_col-sm-12 kc_column kc_col-sm-12\"><div class=\"kc-col-container\"><div class=\"kc-elm kc-css-465807\" style=\"height: 20px; clear: both; width:100%;\"><\/div><\/div><\/div><\/div><\/div><\/section><section class=\"kc-elm kc-css-869947 kc_row\"><div class=\"kc-row-container  kc-container\"><div class=\"kc-wrap-columns\"><div class=\"kc-elm kc-css-52198 kc_col-sm-12 kc_column kc_col-sm-12\"><div class=\"kc-col-container\"><div class=\"kc-elm kc-css-154778\" style=\"height: 10px; clear: both; width:100%;\"><\/div><div class=\"kc-elm kc-css-836119 kc_text_block\"><\/p>\n<h2>Oggetto: Informativa Privacy ai sensi dell\u2019articolo 13 Regolamento UE n. 2016\/679 (in seguito, \u201cGDPR\u201d)<\/h2>\n<p>Il Regolamento UE n. 2016\/679 tutela la riservatezza dei dati personali a tutela della \u00a0libert\u00e0 e dei diritti degli interessati ed impone quindi una serie di obblighi a chi \u201ctratta\u201d informazioni personali riferite ad altri soggetti. Tra i pi\u00f9 importanti adempimenti che la legge impone di rispettare, c\u2019\u00e8 quello di informare gli interessati e di acquisire nei casi prescritti il loro consenso al trattamento, soprattutto per le attivit\u00e0 di trattamento relativamente alle quali i dati devono essere comunicati ad altri soggetti.<\/p>\n<p>Alla luce di quanto sopra, pertanto, ci pregiamo di informarVi, ai sensi dell\u2019articolo 13 della GDPR in oggetto, che la scrivente ditta raccoglie e tratta dati concernenti la Vs. impresa \u00a0senza il Suo consenso espresso (art. 24 lett. a), b), c) Codice Privacy e art. 6 lett. b), e) GDPR) \u00a0per finalit\u00e0 connesse alla gestione degli ordinari rapporti commerciali e, precisamente, per la compilazione di liste anagrafiche, la tenuta della contabilit\u00e0 clienti\/fornitori, la fatturazione, la gestione del creditore per la soddisfazione di tutti gli obblighi previsti dalle normative vigenti.<\/p>\n<p>Il trattamento dei Suoi dati personali \u00e8 realizzato per mezzo delle operazioni indicate all\u2019art. 4 Codice Privacy e all\u2019art. 4 n. 2) GDPR e precisamente: raccolta, registrazione, organizzazione, conservazione, consultazione, elaborazione, modificazione, selezione, estrazione, raffronto, utilizzo, interconnessione, blocco, comunicazione, cancellazione e distruzione dei dati. I Suoi dati personali sono sottoposti a trattamento sia cartaceo che elettronico e\/o automatizzato.<\/p>\n<p>Il Titolare tratter\u00e0 i dati personali per il tempo necessario per adempiere alle finalit\u00e0 di cui sopra e comunque per non oltre 10 anni dalla cessazione del rapporto per le Finalit\u00e0 amministrativo\/contabili.<\/p>\n<p>I trattamenti potranno essere effettuati mediante strumenti sia informatici, che manuali, nell\u2019osservanza di tutte le cautele necessarie a garantire la sicurezza e la riservatezza delle informazioni.<\/p>\n<p>I Vs. dati, inoltre, potranno essere comunicati a terzi, esclusivamente per esigenze tecniche ed operative strettamente collegate alle finalit\u00e0 sopra enunciate ed in particolare alle seguenti categorie di soggetti:<\/p>\n<p>a) enti, professionisti, societ\u00e0 od altre strutture da noi incaricate dei trattamenti connessi all\u2019adempimento degli obblighi amministrativi, contabili e gestionali legati all\u2019ordinario svolgimento della nostra attivit\u00e0 economica, anche per finalit\u00e0 di recupero credito;<\/p>\n<p>b) alle pubbliche autorit\u00e0 ed amministrazioni per le finalit\u00e0 connesse all\u2019adempimento di obblighi legali;<\/p>\n<p>c) banche, istituti finanziari o altri soggetti ai quali il trasferimento dei suddetti dati risulti necessario allo svolgimento dell\u2019attivit\u00e0 della nostra azienda in relazione all\u2019assolvimento, da parte nostra, delle obbligazioni contrattuali assunte nei Vs. confronti.<\/p>\n<p>Nella Sua qualit\u00e0 di interessato, ha i diritti di cui all\u2019art. 7 Codice Privacy e art. 15 GDPR e precisamente i diritti di:<\/p>\n<p>&#8211; ottenere la conferma dell\u2019esistenza o meno di dati personali che La riguardano, anche se non ancora registrati, e la loro comunicazione in forma intelligibile;<\/p>\n<p>&#8211; ottenere l\u2019indicazione: a) dell\u2019origine dei dati personali; b) delle finalit\u00e0 e modalit\u00e0 del trattamento; c) della logica applicata in caso di trattamento effettuato con l\u2019ausilio di strumenti elettronici; d) degli estremi identificativi del titolare, dei responsabili e del rappresentante designato ai sensi dell\u2019art. 5, comma 2 Codice Privacy e art. 3, comma 1, GDPR; e) dei soggetti o delle categorie di soggetti ai quali i dati personali possono essere comunicati o che possono venirne a conoscenza in qualit\u00e0 di rappresentante designato nel territorio dello Stato, di responsabili o incaricati;<\/p>\n<p>&#8211; ottenere: a) l\u2019aggiornamento, la rettificazione ovvero, quando vi ha interesse, l\u2019integrazione dei dati; b) la cancellazione, la trasformazione in forma anonima o il blocco dei dati trattati in violazione di legge, compresi quelli di cui non \u00e8 necessaria la conservazione in relazione agli scopi per i quali i dati sono stati raccolti o successivamente trattati; c) l\u2019attestazione che le operazioni di cui alle lettere a) e b) sono state portate a conoscenza, anche per quanto riguarda il loro contenuto, di coloro ai quali i dati sono stati comunicati o diffusi, eccettuato il caso in cui tale adempimento si rivela impossibile o comporta un impiego di mezzi manifestamente sproporzionato rispetto al diritto tutelato;<\/p>\n<p>&#8211; opporsi, in tutto o in parte, per motivi legittimi al trattamento dei dati personali che La riguardano, ancorch\u00e9 pertinenti allo scopo della raccolta<\/p>\n<p>Ove applicabili, ha altres\u00ec i diritti di cui agli artt. 16-21 GDPR (Diritto di rettifica, diritto all\u2019oblio, diritto di limitazione di trattamento, diritto alla portabilit\u00e0 dei dati, diritto di opposizione), nonch\u00e9 il diritto di reclamo all\u2019Autorit\u00e0 Garante.<\/p>\n<p>Modalit\u00e0 di esercizio dei diritti<\/p>\n<p>Potr\u00e0 in qualsiasi momento esercitare i diritti inviando:<\/p>\n<p>-una raccomandata a.r. a: <strong>ZEFA S.r.l. Via Cantarana, 8 \u2013 43055 \u2013 Mezzani (PR)<\/strong><\/p>\n<p>-una mail all\u2019indirizzo: <strong>info@pec.zefatech.eu<\/strong> con oggetto\u00a0\u201cCOMUNICAZIONI PRIVACY\u201d<\/p>\n<p>Il titolare del trattamento dei dati \u00e8 ZEFA S.r.l. Via Cantarana, 8 \u2013 43055 \u2013 Mezzani (PR)<\/p>\n<p>L\u2019elenco aggiornato dei responsabili e degli incaricati al trattamento \u00e8 custodito presso la sede legale del Titolare del trattamento.<\/p>\n<p>\n<\/div><div class=\"kc-elm kc-css-821601\" style=\"height: 51px; clear: both; width:100%;\"><\/div><\/div><\/div><\/div><\/div><\/section><\/p>\n","protected":false},"excerpt":{"rendered":"","protected":false},"author":1,"featured_media":0,"parent":0,"menu_order":0,"comment_status":"closed","ping_status":"closed","template":"tpl-king_composer.php","meta":{"iawp_total_views":0,"footnotes":""},"class_list":["post-1774","page","type-page","status-publish","hentry"],"yoast_head":"<!-- This site is optimized with the Yoast SEO plugin v26.2 - https:\/\/yoast.com\/wordpress\/plugins\/seo\/ -->\n<title>Privacy Policy - ZEFAFilling - Riempitrici Volumetriche<\/title>\n<meta name=\"description\" content=\"Zefa Filling \u00e8 la nostra nuova linea professionale di riempitrici per prodotti liquidi, densi e semidensi.\" \/>\n<meta name=\"robots\" content=\"index, follow, max-snippet:-1, max-image-preview:large, max-video-preview:-1\" \/>\n<link rel=\"canonical\" href=\"https:\/\/www.zefafilling.eu\/en\/privacy-policy\/\" \/>\n<meta property=\"og:locale\" content=\"en_US\" \/>\n<meta property=\"og:type\" content=\"article\" \/>\n<meta property=\"og:title\" content=\"Privacy Policy - ZEFAFilling - Riempitrici Volumetriche\" \/>\n<meta property=\"og:description\" content=\"Zefa Filling \u00e8 la nostra nuova linea professionale di riempitrici per prodotti liquidi, densi e semidensi.\" \/>\n<meta property=\"og:url\" content=\"https:\/\/www.zefafilling.eu\/en\/privacy-policy\/\" \/>\n<meta property=\"og:site_name\" content=\"ZEFAFilling\" \/>\n<meta property=\"article:modified_time\" content=\"2026-04-16T09:19:13+00:00\" \/>\n<meta name=\"twitter:card\" content=\"summary_large_image\" \/>\n<meta name=\"twitter:label1\" content=\"Est. reading time\" \/>\n\t<meta name=\"twitter:data1\" content=\"2 minutes\" \/>\n<script type=\"application\/ld+json\" class=\"yoast-schema-graph\">{\"@context\":\"https:\/\/schema.org\",\"@graph\":[{\"@type\":\"WebPage\",\"@id\":\"https:\/\/www.zefafilling.eu\/en\/privacy-policy\/\",\"url\":\"https:\/\/www.zefafilling.eu\/en\/privacy-policy\/\",\"name\":\"Privacy Policy - ZEFAFilling - Riempitrici Volumetriche\",\"isPartOf\":{\"@id\":\"https:\/\/www.zefafilling.eu\/#website\"},\"datePublished\":\"2024-11-11T08:34:20+00:00\",\"dateModified\":\"2026-04-16T09:19:13+00:00\",\"description\":\"Zefa Filling \u00e8 la nostra nuova linea professionale di riempitrici per prodotti liquidi, densi e semidensi.\",\"breadcrumb\":{\"@id\":\"https:\/\/www.zefafilling.eu\/en\/privacy-policy\/#breadcrumb\"},\"inLanguage\":\"en-US\",\"potentialAction\":[{\"@type\":\"ReadAction\",\"target\":[\"https:\/\/www.zefafilling.eu\/en\/privacy-policy\/\"]}]},{\"@type\":\"BreadcrumbList\",\"@id\":\"https:\/\/www.zefafilling.eu\/en\/privacy-policy\/#breadcrumb\",\"itemListElement\":[{\"@type\":\"ListItem\",\"position\":1,\"name\":\"Home\",\"item\":\"https:\/\/www.zefafilling.eu\/en\/\"},{\"@type\":\"ListItem\",\"position\":2,\"name\":\"Privacy Policy\"}]},{\"@type\":\"WebSite\",\"@id\":\"https:\/\/www.zefafilling.eu\/#website\",\"url\":\"https:\/\/www.zefafilling.eu\/\",\"name\":\"ZEFAFilling\",\"description\":\"Fillling and Dosing Machines\",\"publisher\":{\"@id\":\"https:\/\/www.zefafilling.eu\/#organization\"},\"potentialAction\":[{\"@type\":\"SearchAction\",\"target\":{\"@type\":\"EntryPoint\",\"urlTemplate\":\"https:\/\/www.zefafilling.eu\/?s={search_term_string}\"},\"query-input\":{\"@type\":\"PropertyValueSpecification\",\"valueRequired\":true,\"valueName\":\"search_term_string\"}}],\"inLanguage\":\"en-US\"},{\"@type\":\"Organization\",\"@id\":\"https:\/\/www.zefafilling.eu\/#organization\",\"name\":\"ZEFAFilling\",\"url\":\"https:\/\/www.zefafilling.eu\/\",\"logo\":{\"@type\":\"ImageObject\",\"inLanguage\":\"en-US\",\"@id\":\"https:\/\/www.zefafilling.eu\/#\/schema\/logo\/image\/\",\"url\":\"https:\/\/www.zefafilling.eu\/wp-content\/uploads\/2022\/05\/ZEFAFilling-logo.png\",\"contentUrl\":\"https:\/\/www.zefafilling.eu\/wp-content\/uploads\/2022\/05\/ZEFAFilling-logo.png\",\"width\":250,\"height\":95,\"caption\":\"ZEFAFilling\"},\"image\":{\"@id\":\"https:\/\/www.zefafilling.eu\/#\/schema\/logo\/image\/\"}}]}<\/script>\n<!-- \/ Yoast SEO plugin. -->","yoast_head_json":{"title":"Privacy Policy - ZEFAFilling - Riempitrici Volumetriche","description":"Zefa Filling \u00e8 la nostra nuova linea professionale di riempitrici per prodotti liquidi, densi e semidensi.","robots":{"index":"index","follow":"follow","max-snippet":"max-snippet:-1","max-image-preview":"max-image-preview:large","max-video-preview":"max-video-preview:-1"},"canonical":"https:\/\/www.zefafilling.eu\/en\/privacy-policy\/","og_locale":"en_US","og_type":"article","og_title":"Privacy Policy - ZEFAFilling - Riempitrici Volumetriche","og_description":"Zefa Filling \u00e8 la nostra nuova linea professionale di riempitrici per prodotti liquidi, densi e semidensi.","og_url":"https:\/\/www.zefafilling.eu\/en\/privacy-policy\/","og_site_name":"ZEFAFilling","article_modified_time":"2026-04-16T09:19:13+00:00","twitter_card":"summary_large_image","twitter_misc":{"Est. reading time":"2 minutes"},"schema":{"@context":"https:\/\/schema.org","@graph":[{"@type":"WebPage","@id":"https:\/\/www.zefafilling.eu\/en\/privacy-policy\/","url":"https:\/\/www.zefafilling.eu\/en\/privacy-policy\/","name":"Privacy Policy - ZEFAFilling - Riempitrici Volumetriche","isPartOf":{"@id":"https:\/\/www.zefafilling.eu\/#website"},"datePublished":"2024-11-11T08:34:20+00:00","dateModified":"2026-04-16T09:19:13+00:00","description":"Zefa Filling \u00e8 la nostra nuova linea professionale di riempitrici per prodotti liquidi, densi e semidensi.","breadcrumb":{"@id":"https:\/\/www.zefafilling.eu\/en\/privacy-policy\/#breadcrumb"},"inLanguage":"en-US","potentialAction":[{"@type":"ReadAction","target":["https:\/\/www.zefafilling.eu\/en\/privacy-policy\/"]}]},{"@type":"BreadcrumbList","@id":"https:\/\/www.zefafilling.eu\/en\/privacy-policy\/#breadcrumb","itemListElement":[{"@type":"ListItem","position":1,"name":"Home","item":"https:\/\/www.zefafilling.eu\/en\/"},{"@type":"ListItem","position":2,"name":"Privacy Policy"}]},{"@type":"WebSite","@id":"https:\/\/www.zefafilling.eu\/#website","url":"https:\/\/www.zefafilling.eu\/","name":"ZEFAFilling","description":"Fillling and Dosing Machines","publisher":{"@id":"https:\/\/www.zefafilling.eu\/#organization"},"potentialAction":[{"@type":"SearchAction","target":{"@type":"EntryPoint","urlTemplate":"https:\/\/www.zefafilling.eu\/?s={search_term_string}"},"query-input":{"@type":"PropertyValueSpecification","valueRequired":true,"valueName":"search_term_string"}}],"inLanguage":"en-US"},{"@type":"Organization","@id":"https:\/\/www.zefafilling.eu\/#organization","name":"ZEFAFilling","url":"https:\/\/www.zefafilling.eu\/","logo":{"@type":"ImageObject","inLanguage":"en-US","@id":"https:\/\/www.zefafilling.eu\/#\/schema\/logo\/image\/","url":"https:\/\/www.zefafilling.eu\/wp-content\/uploads\/2022\/05\/ZEFAFilling-logo.png","contentUrl":"https:\/\/www.zefafilling.eu\/wp-content\/uploads\/2022\/05\/ZEFAFilling-logo.png","width":250,"height":95,"caption":"ZEFAFilling"},"image":{"@id":"https:\/\/www.zefafilling.eu\/#\/schema\/logo\/image\/"}}]}},"_links":{"self":[{"href":"https:\/\/www.zefafilling.eu\/en\/wp-json\/wp\/v2\/pages\/1774","targetHints":{"allow":["GET"]}}],"collection":[{"href":"https:\/\/www.zefafilling.eu\/en\/wp-json\/wp\/v2\/pages"}],"about":[{"href":"https:\/\/www.zefafilling.eu\/en\/wp-json\/wp\/v2\/types\/page"}],"author":[{"embeddable":true,"href":"https:\/\/www.zefafilling.eu\/en\/wp-json\/wp\/v2\/users\/1"}],"replies":[{"embeddable":true,"href":"https:\/\/www.zefafilling.eu\/en\/wp-json\/wp\/v2\/comments?post=1774"}],"version-history":[{"count":3,"href":"https:\/\/www.zefafilling.eu\/en\/wp-json\/wp\/v2\/pages\/1774\/revisions"}],"predecessor-version":[{"id":3024,"href":"https:\/\/www.zefafilling.eu\/en\/wp-json\/wp\/v2\/pages\/1774\/revisions\/3024"}],"wp:attachment":[{"href":"https:\/\/www.zefafilling.eu\/en\/wp-json\/wp\/v2\/media?parent=1774"}],"curies":[{"name":"wp","href":"https:\/\/api.w.org\/{rel}","templated":true}]}}